{"id":35210,"date":"2025-12-06T18:05:36","date_gmt":"2025-12-06T15:05:36","guid":{"rendered":"https:\/\/bztturanpublishinghouse.com\/?post_type=product&#038;p=35210"},"modified":"2025-12-06T18:05:37","modified_gmt":"2025-12-06T15:05:37","slug":"adjustment-problems-and-disorders-in-adolescence","status":"publish","type":"product","link":"https:\/\/bztturanpublishinghouse.com\/tr\/urun\/adjustment-problems-and-disorders-in-adolescence\/","title":{"rendered":"ERGENLI\u0307KTE UYUM SORUNLARI VE BOZUKLUKLARI"},"content":{"rendered":"<p>If we wish to continue using the metaphor that defines adolescence as a bridge from childhood to adulthood, it is useful to emphasize that this bridge is a long one with many pillars. Each of these pillars represents developmental domains and their subdomains. Beginning with puberty, when primary and secondary sexual characteristics start to emerge, adolescence continues<br \/>\nwith changes and advances in the physical, sexual, cognitive, moral, personality, emotional, and social domains. As stated in the basic principles\u00a0 of development, progress in one developmental domain also affects other domains. In the case of adolescence, this impact can be considered even stronger.<\/p>\n<p>The fact that this impact is so powerful may have led Stanley Hall, who first conceptualized adolescence, to describe this period as one of \u201cstorm and stress.\u201d Although today the characterization of adolescence as \u201cstormy and stressful\u201d is scientifically criticized, many parents experience considerable difficulty when their children enter adolescence and they attempt to rely on their old patterns of communication. In this period of life, it is extremely important for parents to reconsider their own attitudes and to find ways to maintain healthy modes of communication with their adolescent children, as this has a crucial role for the adolescent\u2019s psychosocial well-being. Therefore, we may speak not only of the need for adolescents themselves to adapt to this period, but also of the necessity for the parents of adolescents to adapt to this process.<\/p>\n<p>With the hope that this book, which examines adjustment problems and disorders in adolescence in a comprehensive manner, will contribute to mental health professionals working in the field of adolescence.<\/p>\n<p>Prof.Dr.Di\u011fdem M. Siyez<\/p>\n<div id=\"book-pdf\"><div class=\"_df_book df-lite\" id=\"df_35207\"  _slug=\"religion-a-multidisciplinary-study\" data-title=\"religion-a-multidisciplinary-study\" wpoptions=\"true\" thumb=\"https:\/\/bztturanpublishinghouse.com\/wp-content\/uploads\/2025\/12\/WhatsApp-Image-2025-12-06-at-00.57.58.jpeg\" thumbtype=\"\" ><\/div><script class=\"df-shortcode-script\" nowprocket type=\"application\/javascript\">window.option_df_35207 = {\"outline\":[],\"autoEnableOutline\":\"false\",\"autoEnableThumbnail\":\"false\",\"overwritePDFOutline\":\"false\",\"direction\":\"1\",\"pageSize\":\"0\",\"source\":\"https:\\\/\\\/bztturanpublishinghouse.com\\\/wp-content\\\/uploads\\\/2025\\\/12\\\/1_BIRLESTIRILMIS_Yilmaz-ARI.pdf\",\"wpOptions\":\"true\"}; if(window.DFLIP && window.DFLIP.parseBooks){window.DFLIP.parseBooks();}<\/script><\/div>","protected":false},"excerpt":{"rendered":"<p><a class=\"linkbuton\" href=\"#book-pdf\"><strong>VIEW BOOK<\/strong><\/a><\/p>\n<p style=\"text-align: left;\"><strong>Title <\/strong>: ADJUSTMENT PROBLEMS AND DISORDERS IN ADOLESCENCE<br \/>\n<strong>Author <\/strong>: Prof. Dr. Di\u011fdem M\u00fcge S\u0130YEZ<br \/>\n<strong>Publication<\/strong> <strong>Date <\/strong>: November 2025<br \/>\n<strong>E-ISBN:<\/strong> 978-9952-610-02-4<br \/>\n<strong>DOI:<\/strong><a href=\"https:\/\/doi.org\/10.30546\/19023.978-9952-610-02-4.2025.5094\"> https:\/\/doi.org\/10.30546\/19023.978-9952-610-02-4.2025.5094<\/a><br \/>\n<strong>Type <\/strong>: Open Access<\/p>","protected":false},"featured_media":35201,"comment_status":"open","ping_status":"closed","template":"","meta":{"_acf_changed":false},"product_cat":[15,184,183],"product_tag":[],"class_list":{"0":"post-35210","1":"product","2":"type-product","3":"status-publish","4":"has-post-thumbnail","6":"product_cat-books","7":"product_cat-best-books","8":"product_cat-new-books","10":"first","11":"instock","12":"shipping-taxable","13":"product-type-simple"},"acf":[],"_links":{"self":[{"href":"https:\/\/bztturanpublishinghouse.com\/tr\/wp-json\/wp\/v2\/product\/35210","targetHints":{"allow":["GET"]}}],"collection":[{"href":"https:\/\/bztturanpublishinghouse.com\/tr\/wp-json\/wp\/v2\/product"}],"about":[{"href":"https:\/\/bztturanpublishinghouse.com\/tr\/wp-json\/wp\/v2\/types\/product"}],"replies":[{"embeddable":true,"href":"https:\/\/bztturanpublishinghouse.com\/tr\/wp-json\/wp\/v2\/comments?post=35210"}],"wp:featuredmedia":[{"embeddable":true,"href":"https:\/\/bztturanpublishinghouse.com\/tr\/wp-json\/wp\/v2\/media\/35201"}],"wp:attachment":[{"href":"https:\/\/bztturanpublishinghouse.com\/tr\/wp-json\/wp\/v2\/media?parent=35210"}],"wp:term":[{"taxonomy":"product_cat","embeddable":true,"href":"https:\/\/bztturanpublishinghouse.com\/tr\/wp-json\/wp\/v2\/product_cat?post=35210"},{"taxonomy":"product_tag","embeddable":true,"href":"https:\/\/bztturanpublishinghouse.com\/tr\/wp-json\/wp\/v2\/product_tag?post=35210"}],"curies":[{"name":"wp","href":"https:\/\/api.w.org\/{rel}","templated":true}]}}