{"id":35112,"date":"2025-09-29T18:16:46","date_gmt":"2025-09-29T15:16:46","guid":{"rendered":"https:\/\/bztturanpublishinghouse.com\/?post_type=product&#038;p=35112"},"modified":"2025-12-08T21:41:26","modified_gmt":"2025-12-08T18:41:26","slug":"haci-ibrahim-halife-silsile-name-dil-incelemesi-metin-sozluk-ve-tipkibasim-gozden-gecirilmis-ve-genisletilmis-2-baski","status":"publish","type":"product","link":"https:\/\/bztturanpublishinghouse.com\/tr\/urun\/haci-ibrahim-halife-silsile-name-dil-incelemesi-metin-sozluk-ve-tipkibasim-gozden-gecirilmis-ve-genisletilmis-2-baski\/","title":{"rendered":"Hac\u0131 \u0130brahim Halife S\u0130LS\u0130LE-NAME Dil \u0130ncelemesi, Metin, S\u00f6zl\u00fck ve T\u0131pk\u0131bas\u0131m (G\u00f6zden Ge\u00e7irilmi\u015f ve Geni\u015fletilmi\u015f 2. Bask\u0131)"},"content":{"rendered":"<p>\u00c7al\u0131\u015fmaya konu olan Silsile-n\u00e2me, Osmanl\u0131 T\u00fcrk\u00e7esinin ilk d\u00f6nem eserlerinden biridir. Bu d\u00f6nemde tar\u00eekatlar ve \u015feyhler toplum \u00fczerinde \u00f6nemli \u00f6l\u00e7\u00fcde etkilidir. Eserin m\u00fcstensihi ise, o\u011flu Seyyid Haydar\u2019d\u0131r. Eser, mesnevi tarz\u0131nda yaz\u0131lm\u0131\u015ft\u0131r. Hac\u0131 \u0130brahim Halife taraf\u0131ndan H.979\u2019da yaz\u0131lan Silsilen\u00e2me Manisa \u0130l Halk K\u00fct\u00fcphanesi\u2019nde 1474\/2 numarada kay\u0131tl\u0131d\u0131r. Ara\u015ft\u0131r\u0131lan<br \/>\nkaynaklarda eserin yazar\u0131 ve m\u00fcstensihi hakk\u0131nda bilgiye rastlan\u0131lmam\u0131\u015ft\u0131r.<\/p>\n<p>Seyyid Haydar\u2019\u0131n 979\/1572 kaleme ald\u0131\u011f\u0131 ve Kitab-\u0131 Silsile-n\u00e2me diye de adland\u0131r\u0131lan bu eser ile ilgili \u00e7al\u0131\u015fmam\u0131za ilk bask\u0131da yer almayan s\u00f6zl\u00fck dahil edilmi\u015ftir. Ses ve \u015fekil bilgisi y\u00f6n\u00fcnden daha detayl\u0131 incelenmi\u015ftir. Kitab\u0131n birinci bask\u0131s\u0131ndaki eksiklikler tamamlanm\u0131\u015f, yap\u0131lan ilavelerle eser geni\u015fletilmi\u015ftir. Metin, \u00f6nceki bask\u0131dan farkl\u0131 olarak i\u00e7erik ve kapsam a\u00e7\u0131s\u0131ndan \u00f6nemli \u00f6l\u00e7\u00fcde geli\u015ftirilmi\u015ftir.<\/p>\n<p>Bu \u201cDil \u0130ncelemesi\u201d, \u201cMetin\u201d, \u201cS\u00f6zl\u00fck\u201d ve \u201cT\u0131pk\u0131bas\u0131m\u201d olmak \u00fczere d\u00f6rt b\u00f6l\u00fcmden olu\u015fmaktad\u0131r. Eserin Hac\u0131 \u0130brahim Halife\u2019nin ders notlar\u0131 ve sohbetlerine dayand\u0131\u011f\u0131 g\u00f6r\u00fclmekle birlikte, ikinci bir n\u00fcshas\u0131 tespit edilememi\u015ftir. <\/p>\n<p>\u00c7al\u0131\u015fman\u0131n ilk b\u00f6l\u00fcm\u00fcnde, yazar\u0131n ve m\u00fcstensihin hayat\u0131, incelenen yazman\u0131n katalog bilgileri ile i\u00e7eri\u011finde ele al\u0131nan ba\u015fl\u0131ca konular bu b\u00f6l\u00fcmde ele al\u0131nm\u0131\u015ft\u0131r. Bu b\u00f6l\u00fcm\u00fcn devam\u0131nda eserin dil \u00f6zellikleri ses ve yap\u0131 y\u00f6n\u00fcnden iki ana ba\u015fl\u0131k alt\u0131nda \u00f6rneklerle de\u011ferlendirilmi\u015ftir. Yazman\u0131n yeni harfli transkripsiyonu ile metin ve s\u00f6z varl\u0131\u011f\u0131na dair dizin b\u00f6l\u00fcmleriyle \u00e7al\u0131\u015fma, ara\u015ft\u0131rmac\u0131lar i\u00e7in yol g\u00f6sterici bir kaynak olma hedefiyle haz\u0131rlanm\u0131\u015ft\u0131r.<\/p>\n<p>Kitab\u0131n sonuna eserin t\u0131pk\u0131bas\u0131m\u0131 eklenmi\u015f; b\u00f6ylece eser, 16. y\u00fczy\u0131l T\u00fcrk\u00e7esini yans\u0131tan de\u011ferli bir kaynak olarak \u00f6ne \u00e7\u0131kmaktad\u0131r.<\/p>\n<p>Asu ERSOY<\/p>\n<div id=\"book-pdf\"><div class=\"_df_book df-lite\" id=\"df_35107\"  _slug=\"35107\" data-title=\"haci-ibrahim-halife-silsile-name-dil-incelemesi-metin-sozluk-ve-tipkibasim-gozden-gecirilmis-ve-genisletilmis-2-baski\" wpoptions=\"true\" thumb=\"https:\/\/bztturanpublishinghouse.com\/wp-content\/uploads\/2025\/09\/WhatsApp-Image-2025-09-29-at-17.57.46.jpeg\" thumbtype=\"\" ><\/div><script class=\"df-shortcode-script\" nowprocket type=\"application\/javascript\">window.option_df_35107 = {\"outline\":[],\"autoEnableOutline\":\"false\",\"autoEnableThumbnail\":\"false\",\"overwritePDFOutline\":\"false\",\"direction\":\"1\",\"pageSize\":\"0\",\"source\":\"https:\\\/\\\/bztturanpublishinghouse.com\\\/wp-content\\\/uploads\\\/2025\\\/09\\\/Silsilename-baski_merged.pdf\",\"wpOptions\":\"true\"}; if(window.DFLIP && window.DFLIP.parseBooks){window.DFLIP.parseBooks();}<\/script><\/div>","protected":false},"excerpt":{"rendered":"<p><a class=\"linkbuton\" href=\"#book-pdf\"><strong>VIEW BOOK<\/strong><\/a><\/p>\n<p style=\"text-align: left;\"><strong>Title <\/strong>: Hac\u0131 \u0130brahim Halife S\u0130LS\u0130LE-NAME Dil \u0130ncelemesi, Metin, S\u00f6zl\u00fck ve T\u0131pk\u0131bas\u0131m (G\u00f6zden Ge\u00e7irilmi\u015f ve Geni\u015fletilmi\u015f 2. Bask\u0131)<br \/>\n<strong>Authors <\/strong>: Dr. Asu ERSOY<br \/>\n<strong>Publication<\/strong> <strong>Date <\/strong>: August 2025<br \/>\n<strong>E-ISBN: 978-9952-8596-9-0<br \/>\nDOI: <\/strong><a href=\"https:\/\/doi.org\/10.30546\/19023.978-9952-8605-0-4.2025.09.\">https:\/\/doi.org\/10.30546\/19023.978-9952-8605-0-4.2025.09.<\/a><br \/>\n<strong>Type <\/strong>: Open Access<\/p>","protected":false},"featured_media":35109,"comment_status":"open","ping_status":"closed","template":"","meta":{"_acf_changed":false},"product_cat":[15],"product_tag":[],"class_list":{"0":"post-35112","1":"product","2":"type-product","3":"status-publish","4":"has-post-thumbnail","6":"product_cat-books","8":"first","9":"instock","10":"shipping-taxable","11":"product-type-simple"},"acf":[],"_links":{"self":[{"href":"https:\/\/bztturanpublishinghouse.com\/tr\/wp-json\/wp\/v2\/product\/35112","targetHints":{"allow":["GET"]}}],"collection":[{"href":"https:\/\/bztturanpublishinghouse.com\/tr\/wp-json\/wp\/v2\/product"}],"about":[{"href":"https:\/\/bztturanpublishinghouse.com\/tr\/wp-json\/wp\/v2\/types\/product"}],"replies":[{"embeddable":true,"href":"https:\/\/bztturanpublishinghouse.com\/tr\/wp-json\/wp\/v2\/comments?post=35112"}],"wp:featuredmedia":[{"embeddable":true,"href":"https:\/\/bztturanpublishinghouse.com\/tr\/wp-json\/wp\/v2\/media\/35109"}],"wp:attachment":[{"href":"https:\/\/bztturanpublishinghouse.com\/tr\/wp-json\/wp\/v2\/media?parent=35112"}],"wp:term":[{"taxonomy":"product_cat","embeddable":true,"href":"https:\/\/bztturanpublishinghouse.com\/tr\/wp-json\/wp\/v2\/product_cat?post=35112"},{"taxonomy":"product_tag","embeddable":true,"href":"https:\/\/bztturanpublishinghouse.com\/tr\/wp-json\/wp\/v2\/product_tag?post=35112"}],"curies":[{"name":"wp","href":"https:\/\/api.w.org\/{rel}","templated":true}]}}