{"id":35097,"date":"2025-08-28T00:49:32","date_gmt":"2025-08-27T21:49:32","guid":{"rendered":"https:\/\/bztturanpublishinghouse.com\/?post_type=product&#038;p=35097"},"modified":"2025-08-28T01:03:40","modified_gmt":"2025-08-27T22:03:40","slug":"35097","status":"publish","type":"product","link":"https:\/\/bztturanpublishinghouse.com\/tr\/urun\/35097\/","title":{"rendered":"\u00dcNI\u0307VERSI\u0307TELER I\u0307\u00c7I\u0307N YENI\u0307 PARADIGMALAR: TOPLUMSAL KATKI VE Y\u00dcKSEK\u00d6\u011eRETI\u0307ME S\u00dcRD\u00dcR\u00dcLEBI\u0307LI\u0307R BI\u0307R BAKI\u015e A\u00c7ISI"},"content":{"rendered":"<p>In today\u2019s world, where new definitions of universities are being sought, this book addresses sustainable university models within the context of quality assurance systems and provides a comprehensive framework for social contribution studies through both theoretical approaches and good practice examples. Placing the concept of social contribution at the heart of universities\u2019 strategic missions, the book offers a unique perspective on new paradigms for researchers, scientists, social engineers, technology experts, students, and policymakers seeking in-depth knowledge about systems and practices grounded in a sustainable university model.<\/p>\n<p>It covers a wide range of topics, including new terms and concepts for sustainable universities, green university approaches, energy systems, artificial intelligence applications, accreditation processes, and the social contribution dimension of festival organizations.<\/p>\n<p>Today, higher education institutions are constantly striving to raise their standards. The sustainability-focused university model, one of today\u2019s emerging paradigms, provides a guiding framework for decision-makers by centering on the function of social contribution. This approach not only shapes the future of higher education on a global scale but also transforms<br \/>\ntraditional learning models to create institutions that prioritize social benefit in line with sustainable development goals, offering new opportunities to students.<\/p>\n<p>We hope that this book will serve not only as an educational resource with a sustainable perspective in higher education but also as an inspiration for innovative and critical thinking, fostering the development of new learning outcomes among decision-makers, policymakers, researchers, and students\u2014with a particular focus on social contribution and sustainability. In an era<br \/>\nwhere 21st-century competencies and artificial intelligence applications are becoming increasingly prominent in higher education, we aim for this book to contribute to the development of a sustainable university model capable of meeting the complex needs and demands associated with social contribution activities.<\/p>\n<p>We extend our sincere gratitude to all the authors who contributed to this work, which brings together different disciplines and a shared vision from the perspectives of sustainability, universities, and social contribution.<\/p>\n<p>Sincerely,<\/p>\n<div id=\"book-pdf\"><div class=\"_df_book df-lite\" id=\"df_35085\"  _slug=\"new-paradigms-for-universities-a-sustainable-perspective-on-social-contribution-and-higher-education\" data-title=\"new-paradigms-for-universities-a-sustainable-perspective-on-social-contribution-and-higher-education\" wpoptions=\"true\" thumb=\"https:\/\/bztturanpublishinghouse.com\/wp-content\/uploads\/2025\/08\/kapak-3D-kopya-4.jpg\" thumbtype=\"\" ><\/div><script class=\"df-shortcode-script\" nowprocket type=\"application\/javascript\">window.option_df_35085 = {\"outline\":[],\"autoEnableOutline\":\"false\",\"autoEnableThumbnail\":\"false\",\"overwritePDFOutline\":\"false\",\"direction\":\"1\",\"pageSize\":\"0\",\"source\":\"https:\\\/\\\/bztturanpublishinghouse.com\\\/wp-content\\\/uploads\\\/2025\\\/08\\\/5_Coskun_Budak_Ozturk_COMBINED.pdf\",\"wpOptions\":\"true\"}; if(window.DFLIP && window.DFLIP.parseBooks){window.DFLIP.parseBooks();}<\/script><\/div>","protected":false},"excerpt":{"rendered":"<p><a class=\"linkbuton\" href=\"#book-pdf\"><strong>VIEW BOOK<\/strong><\/a><\/p>\n<p style=\"text-align: left;\"><strong>Title <\/strong>: NEW PARADIGMS FOR UNIVERSITIES: A SUSTAINABLE PERSPECTIVE ON SOCIAL CONTRIBUTION AND HIGHER EDUCATION<br \/>\n<strong>Authors <\/strong>: Assoc. Prof. Dr. Sezen COSKUN &amp; Prof. Dr. Nilgun H. BUDAK &amp; Prof. Dr. Murat OZTURK<br \/>\n<strong>Publication<\/strong> <strong>Date <\/strong>: August 2025<br \/>\n<strong> E-ISBN: <\/strong>978-9952-8596-4\u20135<strong><br \/>\nDOI: <\/strong><a href=\"https:\/\/doi.org\/10.30546\/19023.978-9952-8596-4-5.2025.0021.\">https:\/\/doi.org\/10.30546\/19023.978-9952-8596-4-5.2025.0021.<\/a><br \/>\n<strong>Type <\/strong>: Open Access<\/p>","protected":false},"featured_media":35065,"comment_status":"open","ping_status":"closed","template":"","meta":{"_acf_changed":false},"product_cat":[15,184,183],"product_tag":[],"class_list":{"0":"post-35097","1":"product","2":"type-product","3":"status-publish","4":"has-post-thumbnail","6":"product_cat-books","7":"product_cat-best-books","8":"product_cat-new-books","10":"first","11":"instock","12":"shipping-taxable","13":"product-type-simple"},"acf":[],"_links":{"self":[{"href":"https:\/\/bztturanpublishinghouse.com\/tr\/wp-json\/wp\/v2\/product\/35097","targetHints":{"allow":["GET"]}}],"collection":[{"href":"https:\/\/bztturanpublishinghouse.com\/tr\/wp-json\/wp\/v2\/product"}],"about":[{"href":"https:\/\/bztturanpublishinghouse.com\/tr\/wp-json\/wp\/v2\/types\/product"}],"replies":[{"embeddable":true,"href":"https:\/\/bztturanpublishinghouse.com\/tr\/wp-json\/wp\/v2\/comments?post=35097"}],"wp:featuredmedia":[{"embeddable":true,"href":"https:\/\/bztturanpublishinghouse.com\/tr\/wp-json\/wp\/v2\/media\/35065"}],"wp:attachment":[{"href":"https:\/\/bztturanpublishinghouse.com\/tr\/wp-json\/wp\/v2\/media?parent=35097"}],"wp:term":[{"taxonomy":"product_cat","embeddable":true,"href":"https:\/\/bztturanpublishinghouse.com\/tr\/wp-json\/wp\/v2\/product_cat?post=35097"},{"taxonomy":"product_tag","embeddable":true,"href":"https:\/\/bztturanpublishinghouse.com\/tr\/wp-json\/wp\/v2\/product_tag?post=35097"}],"curies":[{"name":"wp","href":"https:\/\/api.w.org\/{rel}","templated":true}]}}