{"id":35093,"date":"2025-08-28T00:34:24","date_gmt":"2025-08-27T21:34:24","guid":{"rendered":"https:\/\/bztturanpublishinghouse.com\/?post_type=product&#038;p=35093"},"modified":"2025-08-28T00:35:36","modified_gmt":"2025-08-27T21:35:36","slug":"nursing-approaches-in-health-sciences-clinical-practices-technology-and-care-processes","status":"publish","type":"product","link":"https:\/\/bztturanpublishinghouse.com\/tr\/urun\/nursing-approaches-in-health-sciences-clinical-practices-technology-and-care-processes\/","title":{"rendered":"SA\u011eLIK BI\u0307LI\u0307MLERI\u0307NDE HEM\u015eI\u0307RELI\u0307K YAKLA\u015eIMLARI: KLI\u0307NI\u0307K UYGULAMALAR, TEKNOLOJI\u0307 VE BAKIM S\u00dcRE\u00c7LERI\u0307"},"content":{"rendered":"<p>Nursing in health sciences stands as a fundamental pillar of multidisciplinary healthcare services, continuously evolving alongside scientific knowledge and technological advancements to meet ever-changing clinical needs. Today, nursing practice transcends basic patient care; it plays critical roles in enhancing patients&#8217; quality of life, providing holistic care throughout acute and chronic disease processes, and managing complex health issues as an integral part of multidisciplinary teams.<\/p>\n<p>In this context, this book titled \u201cNursing Approaches in Health Sciences: Clinical Practices, Technology, and Care Processes\u201d comprehensively addresses the broad and dynamic domains of the nursing discipline grounded in scientific principles. It brings together current clinical practices and research spanning a wide spectrum from emergency services and surgical nursing to vacuum-assisted wound therapy, early postoperative delirium management in geriatrics, symptom management in palliative care, and psychosocial support processes.<\/p>\n<p>Moreover, the integration of modern technologies such as artificial intelligence into nursing practice and the transformation of patient care processes through these technologies are examined with a scientific perspective. This technology-focused approach sheds light on the future of the nursing profession in both clinical and academic settings.<\/p>\n<p>We firmly believe that the studies presented herein will serve as both an informative resource and an inspiring guide for nursing professionals, researchers, and academics working in health sciences. We are confident that these valuable contributions will significantly aid the advancement of nursing science and the enhancement of healthcare quality.<br \/>\nWe extend our gratitude to all researchers who contributed to this work and wish for the continued strengthening of nursing progress in health sciences through multidisciplinary approaches.<\/p>\n<p>Dr. \u00d6\u011fr. \u00dcyesi Hande CENG\u0130Z A\u00c7IL<br \/>\nProf. Dr. Dilek AYG\u0130N<\/p>\n<div id=\"book-pdf\"><div class=\"_df_book df-lite\" id=\"df_35080\"  _slug=\"35080\" data-title=\"nursing-approaches-in-health-sciences-clinical-practices-technology-and-care-processes\" wpoptions=\"true\" thumb=\"https:\/\/bztturanpublishinghouse.com\/wp-content\/uploads\/2025\/08\/kapak-3D-kopya.jpg\" thumbtype=\"\" ><\/div><script class=\"df-shortcode-script\" nowprocket type=\"application\/javascript\">window.option_df_35080 = {\"outline\":[],\"autoEnableOutline\":\"false\",\"autoEnableThumbnail\":\"false\",\"overwritePDFOutline\":\"false\",\"direction\":\"1\",\"pageSize\":\"0\",\"source\":\"https:\\\/\\\/bztturanpublishinghouse.com\\\/wp-content\\\/uploads\\\/2025\\\/08\\\/3_Asst_Prof_Dr_Hande_CENGIZ_ACIL_Prof_Dr_Dilek_AYGIN_COMBINED.pdf\",\"wpOptions\":\"true\"}; if(window.DFLIP && window.DFLIP.parseBooks){window.DFLIP.parseBooks();}<\/script><\/div>","protected":false},"excerpt":{"rendered":"<p><a class=\"linkbuton\" href=\"#book-pdf\"><strong>VIEW BOOK<\/strong><\/a><\/p>\n<p style=\"text-align: left;\"><strong>Title <\/strong>: NURSING APPROACHES IN HEALTH SCIENCES: CLINICAL PRACTICES, TECHNOLOGY, AND CARE PROCESSES<br \/>\n<strong>Authors <\/strong>: Asst. Prof. Dr. Hande CENG\u0130Z A\u00c7IL &amp; Prof. Dr. Dilek AYG\u0130N<br \/>\n<strong>Publication<\/strong> <strong>Date <\/strong>: August 2025<br \/>\n<strong>\u00a0E-ISBN:<\/strong> 978-9952-8596-2\u20131<br \/>\n<strong>DOI:<\/strong> https:\/\/doi.org\/10.30546\/19023.978-9952-8596-2-1.2025.0016.<br \/>\n<strong>Type <\/strong>: Open Access<\/p>","protected":false},"featured_media":35069,"comment_status":"open","ping_status":"closed","template":"","meta":{"_acf_changed":false},"product_cat":[15,184,183],"product_tag":[],"class_list":{"0":"post-35093","1":"product","2":"type-product","3":"status-publish","4":"has-post-thumbnail","6":"product_cat-books","7":"product_cat-best-books","8":"product_cat-new-books","10":"first","11":"instock","12":"shipping-taxable","13":"product-type-simple"},"acf":[],"_links":{"self":[{"href":"https:\/\/bztturanpublishinghouse.com\/tr\/wp-json\/wp\/v2\/product\/35093","targetHints":{"allow":["GET"]}}],"collection":[{"href":"https:\/\/bztturanpublishinghouse.com\/tr\/wp-json\/wp\/v2\/product"}],"about":[{"href":"https:\/\/bztturanpublishinghouse.com\/tr\/wp-json\/wp\/v2\/types\/product"}],"replies":[{"embeddable":true,"href":"https:\/\/bztturanpublishinghouse.com\/tr\/wp-json\/wp\/v2\/comments?post=35093"}],"wp:featuredmedia":[{"embeddable":true,"href":"https:\/\/bztturanpublishinghouse.com\/tr\/wp-json\/wp\/v2\/media\/35069"}],"wp:attachment":[{"href":"https:\/\/bztturanpublishinghouse.com\/tr\/wp-json\/wp\/v2\/media?parent=35093"}],"wp:term":[{"taxonomy":"product_cat","embeddable":true,"href":"https:\/\/bztturanpublishinghouse.com\/tr\/wp-json\/wp\/v2\/product_cat?post=35093"},{"taxonomy":"product_tag","embeddable":true,"href":"https:\/\/bztturanpublishinghouse.com\/tr\/wp-json\/wp\/v2\/product_tag?post=35093"}],"curies":[{"name":"wp","href":"https:\/\/api.w.org\/{rel}","templated":true}]}}