{"id":34919,"date":"2025-03-14T09:18:37","date_gmt":"2025-03-14T06:18:37","guid":{"rendered":"https:\/\/bztturanpublishinghouse.com\/?post_type=product&#038;p=34919"},"modified":"2025-03-25T22:19:05","modified_gmt":"2025-03-25T19:19:05","slug":"solidarity-for-a-green-world-climate-change-and-enviromental-protection-congress-proceedings-book-copy","status":"publish","type":"product","link":"https:\/\/bztturanpublishinghouse.com\/tr\/urun\/solidarity-for-a-green-world-climate-change-and-enviromental-protection-congress-proceedings-book-copy\/","title":{"rendered":"YE\u015eI\u0307L BI\u0307R D\u00dcNYA I\u0307\u00c7I\u0307N DAYANI\u015eMA: I\u0307KLI\u0307M DE\u011eI\u0307\u015eI\u0307KLI\u0307\u011eI\u0307 VE \u00c7EVRE KORUMA KONGRESI\u0307 BI\u0307LDI\u0307RI\u0307LER KI\u0307TABI"},"content":{"rendered":"<p>Sol\u0131dar\u0131ty for A Green World: Cl\u0131mate Change and Env\u0131romental Protect\u0131on was held on ZOOM during November 05, 2025 with the partneship of 12 different countries<\/p>\n<div id=\"book-pdf\"><div class=\"_df_book df-lite\" id=\"df_34914\"  _slug=\"solidarity-for-a-green-world-climate-change-and-enviromental-protection-congress-proceedings-book\" data-title=\"solidarity-for-a-green-world-climate-change-and-enviromental-protection-congress-proceedings-book\" wpoptions=\"true\" thumbtype=\"\" ><\/div><script class=\"df-shortcode-script\" nowprocket type=\"application\/javascript\">window.option_df_34914 = {\"outline\":[],\"autoEnableOutline\":\"false\",\"autoEnableThumbnail\":\"false\",\"overwritePDFOutline\":\"false\",\"direction\":\"1\",\"pageSize\":\"0\",\"source\":\"https:\\\/\\\/bztturanpublishinghouse.com\\\/wp-content\\\/uploads\\\/2025\\\/03\\\/CONGRESS_PROCEEDINGS_BOOK.pdf\",\"wpOptions\":\"true\"}; if(window.DFLIP && window.DFLIP.parseBooks){window.DFLIP.parseBooks();}<\/script><\/div>","protected":false},"excerpt":{"rendered":"<p><a class=\"linkbuton\" href=\"#book-pdf\"><strong>VIEW BOOK<\/strong><\/a><\/p>\n<p style=\"text-align: left;\"><strong>Title <\/strong>: SOLIDARITY FOR A GREEN WORLD: CLIMATE CHANGE AND ENVIROMENTAL PROTECTION CONGRESS PROCEEDINGS BOOK PROCEEDINGS BOOK<br \/>\n<strong>Authors <\/strong>: ASSOC.PROF. DR. F\u0130KRET DOGRU &amp; PROF. DR. IR. SOFYAN HUSEIN SIREGAR<br \/>\n<strong>Language <\/strong>: English<br \/>\n<strong>Publication<\/strong> <strong>Date <\/strong>: 16.01.2025<br \/>\n<strong>E-ISBN <\/strong>:978-9952-8545-1-0<br \/>\n<strong>DOI <\/strong>: <a href=\"https:\/\/doi.org\/10.30546\/19023.9789952-8545-1-0.2025.0756.\">https:\/\/doi.org\/10.30546\/19023.9789952-8545-1-0.2025.0756.<\/a><br \/>\n<strong>Type <\/strong>: Open Access<\/p>","protected":false},"featured_media":34920,"comment_status":"open","ping_status":"closed","template":"","meta":{"_acf_changed":false},"product_cat":[185],"product_tag":[],"class_list":{"0":"post-34919","1":"product","2":"type-product","3":"status-publish","4":"has-post-thumbnail","6":"product_cat-proceedings-books","8":"first","9":"instock","10":"shipping-taxable","11":"product-type-simple"},"acf":[],"_links":{"self":[{"href":"https:\/\/bztturanpublishinghouse.com\/tr\/wp-json\/wp\/v2\/product\/34919","targetHints":{"allow":["GET"]}}],"collection":[{"href":"https:\/\/bztturanpublishinghouse.com\/tr\/wp-json\/wp\/v2\/product"}],"about":[{"href":"https:\/\/bztturanpublishinghouse.com\/tr\/wp-json\/wp\/v2\/types\/product"}],"replies":[{"embeddable":true,"href":"https:\/\/bztturanpublishinghouse.com\/tr\/wp-json\/wp\/v2\/comments?post=34919"}],"wp:featuredmedia":[{"embeddable":true,"href":"https:\/\/bztturanpublishinghouse.com\/tr\/wp-json\/wp\/v2\/media\/34920"}],"wp:attachment":[{"href":"https:\/\/bztturanpublishinghouse.com\/tr\/wp-json\/wp\/v2\/media?parent=34919"}],"wp:term":[{"taxonomy":"product_cat","embeddable":true,"href":"https:\/\/bztturanpublishinghouse.com\/tr\/wp-json\/wp\/v2\/product_cat?post=34919"},{"taxonomy":"product_tag","embeddable":true,"href":"https:\/\/bztturanpublishinghouse.com\/tr\/wp-json\/wp\/v2\/product_tag?post=34919"}],"curies":[{"name":"wp","href":"https:\/\/api.w.org\/{rel}","templated":true}]}}