{"id":34891,"date":"2025-02-26T17:51:23","date_gmt":"2025-02-26T14:51:23","guid":{"rendered":"https:\/\/bztturanpublishinghouse.com\/?post_type=product&#038;p=34891"},"modified":"2026-03-21T01:31:15","modified_gmt":"2026-03-20T22:31:15","slug":"4th-international-asklepios-congress-on-medicine-nursing-midwifery-and-health-sciences-proceedings-book","status":"publish","type":"product","link":"https:\/\/bztturanpublishinghouse.com\/tr\/urun\/4th-international-asklepios-congress-on-medicine-nursing-midwifery-and-health-sciences-proceedings-book\/","title":{"rendered":"4. ULUSLARARASI ASKLEPI\u0307OS TIP, HEM\u015eI\u0307RELI\u0307K, EBELI\u0307K VE SA\u011eLIK BI\u0307LI\u0307MLERI\u0307 KONGRESI\u0307 BI\u0307LDI\u0307RI\u0307LER KI\u0307TABI"},"content":{"rendered":"<p>Our third congress, 4th International Asklepios Congress on Medicine, Nursing, Midwifery and Health Sciences, was held online via ZOOM and face-to-face in Pristina, Kosovo on February 16-18, 2025 with the partnership of Ayd\u0131n Adnan Menderes University, Penn Highlands Healthcare, Davao Doctor College, Ege University, Erzincan Binali Y\u0131ld\u0131r\u0131m University, and Azerbaijan Medical University. A total of 266 participants attended the congress, and the participants aimed to contribute to the international scientific literature by making their presentations through oral presentations or posters.<\/p>\n<p>T\u00fcrkiye, Germany, Turkish Republic of Northern Cyprus, United States of America, India, China, Maur\u0131t\u0131us, N. Macedonia, Namibia, Ukraine, Romania, Nigeria, Uzbekistan, Spain, South Africa, Algeria, Lithuania, Malawi, Morocco, Kosovo, Thailand, Bangladesh, Kyrgyzstan, Pakistan, Poland, Azerbaijan<\/p>\n<div id=\"book-pdf\"><div class=\"_df_book df-lite\" id=\"df_34885\"  _slug=\"4th-international-asklepios-congress-on-medicine-nursing-midwifery-and-health-sciences-proceedings-book\" data-title=\"4th-international-asklepios-congress-on-medicine-nursing-midwifery-and-health-sciences-proceedings-book\" wpoptions=\"true\" thumbtype=\"\" ><\/div><script class=\"df-shortcode-script\" nowprocket type=\"application\/javascript\">window.option_df_34885 = {\"outline\":[],\"autoEnableOutline\":\"false\",\"autoEnableThumbnail\":\"false\",\"overwritePDFOutline\":\"false\",\"direction\":\"1\",\"pageSize\":\"0\",\"source\":\"https:\\\/\\\/bztturanpublishinghouse.com\\\/wp-content\\\/uploads\\\/2025\\\/02\\\/PROCEEDINGS_OF_4TH_ASKLEPIOS.pdf\",\"wpOptions\":\"true\"}; if(window.DFLIP && window.DFLIP.parseBooks){window.DFLIP.parseBooks();}<\/script><\/div>","protected":false},"excerpt":{"rendered":"<p><a class=\"linkbuton\" href=\"#book-pdf\"><strong>VIEW BOOK<\/strong><\/a><\/p>\n<p style=\"text-align: left;\"><strong>Title <\/strong>: 4TH INTERNATIONAL ASKLEPIOS CONGRESS ON MEDICINE, NURSING, MIDWIFERY, AND HEALTH SCIENCES PROCEEDINGS BOOK<br \/>\n<strong>Authors <\/strong>: PROF. DR. ZEK\u0130YE KARA\u00c7AM &amp; PROF. DR. INDRANEEL BANERJEE<br \/>\n<strong>Language <\/strong>: English<br \/>\n<strong>Publication<\/strong> <strong>Date <\/strong>: 24.02.2025<br \/>\n<strong>E-ISBN <\/strong>:\u00a0978-9952-8545-9-6<br \/>\n<strong>DOI: <a href=\"https:\/\/doi.org\/10.30546\/19023.978-9952-8545-9-6.2025.10701.\">https:\/\/doi.org\/10.30546\/19023.978-9952-8545-9-6.2025.10701.<\/a><\/strong><br \/>\n<strong>Type <\/strong>: Open Access<\/p>","protected":false},"featured_media":34888,"comment_status":"open","ping_status":"closed","template":"","meta":{"_acf_changed":false},"product_cat":[185],"product_tag":[],"class_list":{"0":"post-34891","1":"product","2":"type-product","3":"status-publish","4":"has-post-thumbnail","6":"product_cat-proceedings-books","8":"first","9":"instock","10":"shipping-taxable","11":"product-type-simple"},"acf":[],"_links":{"self":[{"href":"https:\/\/bztturanpublishinghouse.com\/tr\/wp-json\/wp\/v2\/product\/34891","targetHints":{"allow":["GET"]}}],"collection":[{"href":"https:\/\/bztturanpublishinghouse.com\/tr\/wp-json\/wp\/v2\/product"}],"about":[{"href":"https:\/\/bztturanpublishinghouse.com\/tr\/wp-json\/wp\/v2\/types\/product"}],"replies":[{"embeddable":true,"href":"https:\/\/bztturanpublishinghouse.com\/tr\/wp-json\/wp\/v2\/comments?post=34891"}],"wp:featuredmedia":[{"embeddable":true,"href":"https:\/\/bztturanpublishinghouse.com\/tr\/wp-json\/wp\/v2\/media\/34888"}],"wp:attachment":[{"href":"https:\/\/bztturanpublishinghouse.com\/tr\/wp-json\/wp\/v2\/media?parent=34891"}],"wp:term":[{"taxonomy":"product_cat","embeddable":true,"href":"https:\/\/bztturanpublishinghouse.com\/tr\/wp-json\/wp\/v2\/product_cat?post=34891"},{"taxonomy":"product_tag","embeddable":true,"href":"https:\/\/bztturanpublishinghouse.com\/tr\/wp-json\/wp\/v2\/product_tag?post=34891"}],"curies":[{"name":"wp","href":"https:\/\/api.w.org\/{rel}","templated":true}]}}