{"id":2778,"date":"2021-12-28T01:38:52","date_gmt":"2021-12-28T01:38:52","guid":{"rendered":"https:\/\/demo2wpopal.b-cdn.net\/shopio\/product\/awesome-wooden-gloves\/"},"modified":"2025-02-05T23:36:44","modified_gmt":"2025-02-05T20:36:44","slug":"on-the-trail-of-literature-a-critical-analysis-of-lover-child-and-idioms","status":"publish","type":"product","link":"https:\/\/bztturanpublishinghouse.com\/tr\/urun\/on-the-trail-of-literature-a-critical-analysis-of-lover-child-and-idioms\/","title":{"rendered":"EDEBI\u0307YATIN I\u0307ZI\u0307NDE: A\u015eIK, \u00c7OCUK VE DEYI\u0307MLER \u00dcZERI\u0307NE ELE\u015eTI\u0307REL BI\u0307R I\u0307NCELEME"},"content":{"rendered":"<p>Throughout history, individuals in every society have sought to express their feelings, thoughts, desires, problems, and experiences, both in written and verbal forms, with the goal of conveying them to others. Poets, philosophers, writers, artists, and ordinary people alike have consistently endeavored to articulate the human condition in some form. While it is often asserted that &#8220;there are no unspoken words under the sky,&#8221; it is evident that each individual experiences and holds unique thoughts and emotions. As a result, a vast array of writings has been produced by those who have shared their perspectives on this subject from various points of view. This book presents the insights of researchers who have approached the topic from different angles.<\/p>\n<p>The structural integrity of literary texts is made up of numerous interconnected layers. This is also true for the present study, which focuses on literary writings. This book represents a journey of discovery, spanning from the lover archetype in Fuz\u00fbl\u00ee&#8217;s ghazals, to the child character in the stories of \u00d6mer Seyfettin and Sait Faik, and even to the determination of certain idioms in Hamdullah Hamd\u00ee&#8217;s <em>Y\u00fbsuf u Z\u00fcleyh\u00e2<\/em> Mesnevi. Despite the differences in content, these subjects\u2014fundamental elements of literature\u2014are, in fact, parts of a unified whole, complementing one another, albeit in indirect ways.<\/p>\n<p>The publication of this book is the result of the dedicated efforts of the researchers who contributed to our article invitation. We would like to express our gratitude to the authors who participated. The goal of the articles included in this book is to advance literary studies by offering a variety of perspectives on the subject.<\/p>\n<p style=\"text-align: right;\"><strong>Assoc. Prof. Dr. Semih YE\u015e\u0130LBA\u011e<\/strong><\/p>\n<p>&nbsp;<\/p>\n<div id=\"book-pdf\"><div class=\"_df_book df-lite\" id=\"df_34598\"  _slug=\"on-the-trail-of-literature-a-critical-analysis-of-lover-child-and-idioms\" data-title=\"on-the-trail-of-literature-a-critical-analysis-of-lover-child-and-idioms\" wpoptions=\"true\" thumbtype=\"\" ><\/div><script class=\"df-shortcode-script\" nowprocket type=\"application\/javascript\">window.option_df_34598 = {\"outline\":[],\"autoEnableOutline\":\"false\",\"autoEnableThumbnail\":\"false\",\"overwritePDFOutline\":\"false\",\"direction\":\"1\",\"pageSize\":\"0\",\"source\":\"https:\\\/\\\/bztturanpublishinghouse.com\\\/wp-content\\\/uploads\\\/2025\\\/01\\\/9-SEMIH-YESILBAG.pdf\",\"wpOptions\":\"true\"}; if(window.DFLIP && window.DFLIP.parseBooks){window.DFLIP.parseBooks();}<\/script><\/div>","protected":false},"excerpt":{"rendered":"<p><a class=\"linkbuton\" href=\"#book-pdf\"><strong>VIEW BOOK<\/strong><\/a><br \/>\n<strong>Title <\/strong>: ON THE TRAIL OF LITERATURE: A CRITICAL ANALYSIS OF LOVER, CHILD AND IDIOMS<br \/>\n<strong>Authors <\/strong>: Assoc. Prof. Dr. Semih YE\u015e\u0130LBA\u011e<br \/>\n<strong>Language <\/strong>: Engilish<br \/>\n<strong>Publication<\/strong> <strong>Date <\/strong>: September\u00a0 2024<br \/>\n<strong>E-ISBN <\/strong>: 9 7 8 &#8211; 9 9 5 2 &#8211; 8 5 4 1 &#8211; 6 &#8211; 9<br \/>\n<strong>DOI <\/strong>: https:\/\/doi.org\/10.30546\/19023.978-9952-8541-6-9.2024.217.<br \/>\n<strong>Type <\/strong>: Open Access<\/p>","protected":false},"featured_media":25823,"comment_status":"open","ping_status":"closed","template":"","meta":{"_acf_changed":false},"product_cat":[15,182],"product_tag":[170],"class_list":{"0":"post-2778","1":"product","2":"type-product","3":"status-publish","4":"has-post-thumbnail","6":"product_cat-books","7":"product_cat-bzt-turan","8":"product_tag-liste6","10":"first","11":"instock","12":"sold-individually","13":"shipping-taxable","14":"product-type-simple"},"acf":[],"_links":{"self":[{"href":"https:\/\/bztturanpublishinghouse.com\/tr\/wp-json\/wp\/v2\/product\/2778","targetHints":{"allow":["GET"]}}],"collection":[{"href":"https:\/\/bztturanpublishinghouse.com\/tr\/wp-json\/wp\/v2\/product"}],"about":[{"href":"https:\/\/bztturanpublishinghouse.com\/tr\/wp-json\/wp\/v2\/types\/product"}],"replies":[{"embeddable":true,"href":"https:\/\/bztturanpublishinghouse.com\/tr\/wp-json\/wp\/v2\/comments?post=2778"}],"wp:featuredmedia":[{"embeddable":true,"href":"https:\/\/bztturanpublishinghouse.com\/tr\/wp-json\/wp\/v2\/media\/25823"}],"wp:attachment":[{"href":"https:\/\/bztturanpublishinghouse.com\/tr\/wp-json\/wp\/v2\/media?parent=2778"}],"wp:term":[{"taxonomy":"product_cat","embeddable":true,"href":"https:\/\/bztturanpublishinghouse.com\/tr\/wp-json\/wp\/v2\/product_cat?post=2778"},{"taxonomy":"product_tag","embeddable":true,"href":"https:\/\/bztturanpublishinghouse.com\/tr\/wp-json\/wp\/v2\/product_tag?post=2778"}],"curies":[{"name":"wp","href":"https:\/\/api.w.org\/{rel}","templated":true}]}}